{"id":13,"date":"2026-04-02T02:16:17","date_gmt":"2026-04-02T02:16:17","guid":{"rendered":"https:\/\/demo24.mauweb68.com\/?page_id=13"},"modified":"2026-04-02T02:16:17","modified_gmt":"2026-04-02T02:16:17","slug":"tuyen-dung","status":"publish","type":"page","link":"https:\/\/demo24.mauweb68.com\/?page_id=13","title":{"rendered":"Tuy\u1ec3n d\u1ee5ng"},"content":{"rendered":"<p>Ch\u00fang t\u00f4i t\u00ecm ki\u1ebfm \u0111\u1ed9i ng\u0169 sale, marketing v\u00e0 v\u1eadn h\u00e0nh d\u1ef1 \u00e1n c\u00f3 t\u01b0 duy d\u1ecbch v\u1ee5, t\u00e1c phong chuy\u00ean nghi\u1ec7p v\u00e0 tinh th\u1ea7n b\u1ee9t t\u1ed1c.<\/p>\n","protected":false},"excerpt":{"rendered":"<p>Ch\u00fang t\u00f4i t\u00ecm ki\u1ebfm \u0111\u1ed9i ng\u0169 sale, marketing v\u00e0 v\u1eadn h\u00e0nh d\u1ef1 \u00e1n c\u00f3 t\u01b0 duy d\u1ecbch v\u1ee5, t\u00e1c phong chuy\u00ean nghi\u1ec7p v\u00e0 tinh th\u1ea7n b\u1ee9t t\u1ed1c.<\/p>\n","protected":false},"author":0,"featured_media":0,"parent":0,"menu_order":0,"comment_status":"closed","ping_status":"closed","template":"page-templates\/page-tuyen-dung.php","meta":{"_acf_changed":false,"footnotes":""},"class_list":["post-13","page","type-page","status-publish","hentry"],"acf":[],"_links":{"self":[{"href":"https:\/\/demo24.mauweb68.com\/index.php?rest_route=\/wp\/v2\/pages\/13","targetHints":{"allow":["GET"]}}],"collection":[{"href":"https:\/\/demo24.mauweb68.com\/index.php?rest_route=\/wp\/v2\/pages"}],"about":[{"href":"https:\/\/demo24.mauweb68.com\/index.php?rest_route=\/wp\/v2\/types\/page"}],"replies":[{"embeddable":true,"href":"https:\/\/demo24.mauweb68.com\/index.php?rest_route=%2Fwp%2Fv2%2Fcomments&post=13"}],"version-history":[{"count":0,"href":"https:\/\/demo24.mauweb68.com\/index.php?rest_route=\/wp\/v2\/pages\/13\/revisions"}],"wp:attachment":[{"href":"https:\/\/demo24.mauweb68.com\/index.php?rest_route=%2Fwp%2Fv2%2Fmedia&parent=13"}],"curies":[{"name":"wp","href":"https:\/\/api.w.org\/{rel}","templated":true}]}}